{"id":13,"date":"2018-01-02T17:41:59","date_gmt":"2018-01-02T20:41:59","guid":{"rendered":"http:\/\/jlgcomunicaciones.cl\/dercocenter\/?page_id=13"},"modified":"2022-05-01T18:09:56","modified_gmt":"2022-05-01T22:09:56","slug":"quienes-somos","status":"publish","type":"page","link":"https:\/\/sindicatodercocenter.cl\/sdc\/quienes-somos\/","title":{"rendered":"Qui\u00e9nes Somos"},"content":{"rendered":"<p><img loading=\"lazy\" decoding=\"async\" class=\"aligncenter size-full wp-image-446\" src=\"http:\/\/sindicatodercocenter.cl\/web\/wp-content\/uploads\/2018\/02\/quienes-somos.jpg\" alt=\"\" width=\"1018\" height=\"460\" srcset=\"https:\/\/sindicatodercocenter.cl\/sdc\/wp-content\/uploads\/2018\/02\/quienes-somos.jpg 1018w, https:\/\/sindicatodercocenter.cl\/sdc\/wp-content\/uploads\/2018\/02\/quienes-somos-300x136.jpg 300w, https:\/\/sindicatodercocenter.cl\/sdc\/wp-content\/uploads\/2018\/02\/quienes-somos-768x347.jpg 768w\" sizes=\"auto, (max-width: 1018px) 100vw, 1018px\" \/><\/p>\n<p><img loading=\"lazy\" decoding=\"async\" class=\"alignleft wp-image-46\" src=\"http:\/\/sindicatodercocenter.cl\/web\/wp-content\/uploads\/2018\/01\/logo-disco.png\" alt=\"\" width=\"200\" height=\"200\" srcset=\"https:\/\/sindicatodercocenter.cl\/sdc\/wp-content\/uploads\/2018\/01\/logo-disco.png 250w, https:\/\/sindicatodercocenter.cl\/sdc\/wp-content\/uploads\/2018\/01\/logo-disco-150x150.png 150w, https:\/\/sindicatodercocenter.cl\/sdc\/wp-content\/uploads\/2018\/01\/logo-disco-230x230.png 230w\" sizes=\"auto, (max-width: 200px) 100vw, 200px\" \/>Estimado compa\u00f1ero\/a seas muy bienvenido a nuestro <strong>Sindicato N\u00b0 1 de Trabajadores DercoCenter<\/strong><\/p>\n<p><strong>\u00a0S.A.<\/strong> El cual fue fundado el 08 de Abril del 2006 por un grupo de veinticinco trabajadores los cuales ante la indiferencia y abuso por parte de la empresa en aquel momento, decidi\u00f3 organizarse para luchar por los intereses comunes de esto trabajadores.<\/p>\n<p>La lucha en este sindicato ha sido ardua y no ajena de problemas, pero al cabo de los a\u00f1os se ha consolidado como el sindicat<\/p>\n<p>o m\u00e1s significativo y representativo de los trabajadores DercoCenter.<\/p>\n<p>Este sindicato, es quien ha conseguido la mayor\u00eda de los logros en nuestro contrato colectivo, (hoy convenio). Pero son sus trabajadores organizados a trav\u00e9s de las negociaciones colectiva quienes han logrado por ejemplo: El cheque restaurante (hoy tarjeta Amipass) la repartici\u00f3n de utilidades (Retail) la gratuidad en el uniforme de trabajo, las becas, bonos, subsidios, eliminaci\u00f3n de la evaluaci\u00f3n de desempe\u00f1o en el pago de utilidades etc. Adem\u00e1s de mejorar sustancialmente las condiciones laborales de todos sus asociados. Consiguiendo una serie de beneficios adicionales a los ya nombrados.<\/p>\n<p>Adicional a esto, este sindicato pertenece a la Federaci\u00f3n de Sindicatos Derco que la componen la mayor\u00eda de los sindicatos de las empresas Derco, representando alrededor de 750 trabajadores.<\/p>\n<p>Compa\u00f1ero\/a, es por esto y porque aun nos quedan muchos desaf\u00edos por lograr y porque estamos convencidos que todo lo que deseamos puede ser alcanzado con la uni\u00f3n y fuerza de los trabajadores. Es que te invitamos a participar, mantenerte informado de todo lo que tu sindicato est\u00e1 realizando.<\/p>\n<p>Solo te pedimos tu compromiso con la asistencia obligatoria a las asambleas, t\u00fa apoyo y uni\u00f3n. <strong>Porque ya no est\u00e1s solo, porque ahora eres parte de un grupo de amigos, hermanos, socios, compa\u00f1eros.<\/strong><\/p>\n<p>Sindicato N1 De Trabajadores DercoCenter.<\/p>\n<hr \/>\n<p>Revisar:<\/p>\n<ul>\n<li><a href=\"https:\/\/sindicatodercocenter.cl\/sdc\/mision-vision\/\">Conozca nuestra Visi\u00f3n y Misi\u00f3n<\/a><\/li>\n<li><a href=\"https:\/\/sindicatodercocenter.cl\/sdc\/directiva\/\">Directiva<\/a><\/li>\n<li><a href=\"https:\/\/sindicatodercocenter.cl\/sdc\/preguntas-frecuentes\/\">Preguntas Frecuentes<\/a><\/li>\n<\/ul>\n","protected":false},"excerpt":{"rendered":"<p>Estimado compa\u00f1ero\/a seas muy bienvenido a nuestro Sindicato N\u00b0 1 de Trabajadores DercoCenter \u00a0S.A. El cual fue fundado el 08 de Abril del 2006 por un grupo de veinticinco trabajadores los cuales ante la indiferencia y abuso por parte de la empresa en aquel momento, decidi\u00f3 organizarse para luchar por los intereses comunes de esto &hellip;<\/p>\n","protected":false},"author":1,"featured_media":446,"parent":0,"menu_order":0,"comment_status":"closed","ping_status":"closed","template":"","meta":{"footnotes":""},"class_list":["post-13","page","type-page","status-publish","has-post-thumbnail",""],"publishpress_future_action":{"enabled":false,"date":"2026-04-27 12:26:07","action":"change-status","newStatus":"draft","terms":[],"taxonomy":""},"publishpress_future_workflow_manual_trigger":{"enabledWorkflows":[]},"_links":{"self":[{"href":"https:\/\/sindicatodercocenter.cl\/sdc\/wp-json\/wp\/v2\/pages\/13","targetHints":{"allow":["GET"]}}],"collection":[{"href":"https:\/\/sindicatodercocenter.cl\/sdc\/wp-json\/wp\/v2\/pages"}],"about":[{"href":"https:\/\/sindicatodercocenter.cl\/sdc\/wp-json\/wp\/v2\/types\/page"}],"author":[{"embeddable":true,"href":"https:\/\/sindicatodercocenter.cl\/sdc\/wp-json\/wp\/v2\/users\/1"}],"replies":[{"embeddable":true,"href":"https:\/\/sindicatodercocenter.cl\/sdc\/wp-json\/wp\/v2\/comments?post=13"}],"version-history":[{"count":7,"href":"https:\/\/sindicatodercocenter.cl\/sdc\/wp-json\/wp\/v2\/pages\/13\/revisions"}],"predecessor-version":[{"id":2103,"href":"https:\/\/sindicatodercocenter.cl\/sdc\/wp-json\/wp\/v2\/pages\/13\/revisions\/2103"}],"wp:featuredmedia":[{"embeddable":true,"href":"https:\/\/sindicatodercocenter.cl\/sdc\/wp-json\/wp\/v2\/media\/446"}],"wp:attachment":[{"href":"https:\/\/sindicatodercocenter.cl\/sdc\/wp-json\/wp\/v2\/media?parent=13"}],"curies":[{"name":"wp","href":"https:\/\/api.w.org\/{rel}","templated":true}]}}