{"id":26,"date":"2018-01-02T17:47:45","date_gmt":"2018-01-02T20:47:45","guid":{"rendered":"http:\/\/jlgcomunicaciones.cl\/dercocenter\/?page_id=26"},"modified":"2018-01-03T00:13:54","modified_gmt":"2018-01-03T03:13:54","slug":"mision-vision","status":"publish","type":"page","link":"https:\/\/sindicatodercocenter.cl\/sdc\/mision-vision\/","title":{"rendered":"Misi\u00f3n\/Visi\u00f3n"},"content":{"rendered":"<h2>Visi\u00f3n<\/h2>\n<p style=\"text-align: left;\">Representar a los trabajadores en el ejercicio de los derechos emanados de los contratos individuales de trabajo. La representaci\u00f3n de los asociados en las distintas instancias del proceso de negociaci\u00f3n colectiva. Velar por el cumplimiento de las normas del trabajo y de seguridad social. Realizar todas aquellas actividades contempladas en los estatutos seg\u00fan la ley vigente.<\/p>\n<h3>Misi\u00f3n<\/h3>\n<p style=\"text-align: left;\">Ser reconocidos como una organizaci\u00f3n que trabaja en base a la preocupaci\u00f3n de las conquistas sociales, con transparencia, lealtad y lo m\u00e1s importante cre\u00edbles frente a nuestras bases. Garantizar el amparo constante a sus socios, canalizando la b\u00fasqueda de soluciones que les permita trabajar en tranquilidad, apoyar a nuestros socios (as) y sus familias, por medio de beneficios y actividades que nos permita tener trabajadores m\u00e1s felices.<\/p>\n","protected":false},"excerpt":{"rendered":"<p>Visi\u00f3n Representar a los trabajadores en el ejercicio de los derechos emanados de los contratos individuales de trabajo. La representaci\u00f3n de los asociados en las distintas instancias del proceso de negociaci\u00f3n colectiva. Velar por el cumplimiento de las normas del trabajo y de seguridad social. Realizar todas aquellas actividades contempladas en los estatutos seg\u00fan la &hellip;<\/p>\n","protected":false},"author":1,"featured_media":0,"parent":0,"menu_order":0,"comment_status":"closed","ping_status":"closed","template":"","meta":{"footnotes":""},"class_list":["post-26","page","type-page","status-publish",""],"publishpress_future_action":{"enabled":false,"date":"2026-04-27 12:26:08","action":"change-status","newStatus":"draft","terms":[],"taxonomy":""},"publishpress_future_workflow_manual_trigger":{"enabledWorkflows":[]},"_links":{"self":[{"href":"https:\/\/sindicatodercocenter.cl\/sdc\/wp-json\/wp\/v2\/pages\/26","targetHints":{"allow":["GET"]}}],"collection":[{"href":"https:\/\/sindicatodercocenter.cl\/sdc\/wp-json\/wp\/v2\/pages"}],"about":[{"href":"https:\/\/sindicatodercocenter.cl\/sdc\/wp-json\/wp\/v2\/types\/page"}],"author":[{"embeddable":true,"href":"https:\/\/sindicatodercocenter.cl\/sdc\/wp-json\/wp\/v2\/users\/1"}],"replies":[{"embeddable":true,"href":"https:\/\/sindicatodercocenter.cl\/sdc\/wp-json\/wp\/v2\/comments?post=26"}],"version-history":[{"count":5,"href":"https:\/\/sindicatodercocenter.cl\/sdc\/wp-json\/wp\/v2\/pages\/26\/revisions"}],"predecessor-version":[{"id":93,"href":"https:\/\/sindicatodercocenter.cl\/sdc\/wp-json\/wp\/v2\/pages\/26\/revisions\/93"}],"wp:attachment":[{"href":"https:\/\/sindicatodercocenter.cl\/sdc\/wp-json\/wp\/v2\/media?parent=26"}],"curies":[{"name":"wp","href":"https:\/\/api.w.org\/{rel}","templated":true}]}}