{"id":28,"date":"2018-01-02T17:48:00","date_gmt":"2018-01-02T20:48:00","guid":{"rendered":"http:\/\/jlgcomunicaciones.cl\/dercocenter\/?page_id=28"},"modified":"2022-04-11T13:52:30","modified_gmt":"2022-04-11T17:52:30","slug":"directiva","status":"publish","type":"page","link":"https:\/\/sindicatodercocenter.cl\/sdc\/directiva\/","title":{"rendered":"Directiva"},"content":{"rendered":"<table border=\"0\" width=\"100%\" cellspacing=\"0\" cellpadding=\"0\">\n<tbody>\n<tr>\n<td align=\"center\"><span style=\"height: 24px;\"><span style=\"height: 271px;\"><img decoding=\"async\" class=\"aligncenter\" src=\"http:\/\/sindicatodercocenter.cl\/web\/wp-content\/uploads\/2018\/06\/paulo-png.png\" alt=\"\" \/><\/span><\/span><\/td>\n<\/tr>\n<tr>\n<td style=\"text-align: center;\" align=\"center\"><span style=\"height: 271px;\"><strong>Paulo Cesar Rojas Arellano<br \/>\n<\/strong>Presidente<br \/>\nEmail: <a href=\"mailto:sindicatodercocenter@gmail.com\">sindicatodercocenter@gmail.com<br \/>\n<\/a>Cel: <a href=\"tel:+56 9 7589 3419\">+56 9 7589 3419<\/a><\/span><\/td>\n<\/tr>\n<\/tbody>\n<\/table>\n<p>&nbsp;<\/p>\n<table border=\"0\" width=\"100%\" cellspacing=\"0\" cellpadding=\"0\">\n<tbody>\n<tr>\n<td align=\"center\"><span style=\"height: 271px;\"><img decoding=\"async\" class=\"aligncenter\" src=\"http:\/\/sindicatodercocenter.cl\/web\/wp-content\/uploads\/2018\/01\/Jessica.png\" alt=\"\" \/><\/span><\/td>\n<\/tr>\n<tr>\n<td style=\"text-align: center;\" align=\"center\"><span style=\"height: 271px;\"><strong>Jessica Cecilia Villarroel Meza<br \/>\n<\/strong>Secretaria<br \/>\nEmail: <a href=\"mailto:jessicavillarroel@dercocenter.cl\">jessicavillarroel@dercocenter.cl<br \/>\n<\/a>Cel: <a href=\"tel:+56 9 9639 1872\">+56 9 9639 1872<\/a><\/span><\/td>\n<\/tr>\n<\/tbody>\n<\/table>\n<p>&nbsp;<\/p>\n<table border=\"0\" width=\"100%\" cellspacing=\"0\" cellpadding=\"0\">\n<tbody>\n<tr>\n<td align=\"center\"><span style=\"height: 271px;\"><img decoding=\"async\" class=\"aligncenter\" src=\"https:\/\/sindicatodercocenter.cl\/sdc\/wp-content\/uploads\/2018\/01\/Freddy.png\" alt=\"\" \/><\/span><\/td>\n<\/tr>\n<tr>\n<td style=\"text-align: center;\" align=\"center\"><span style=\"height: 271px;\"><strong>Freddy Huerta<br \/>\n<\/strong>Tesorer\u00eda<br \/>\nEmail:\u00a0<a href=\"mailto:freddyhuerta@dercocenter.cl\">freddyhuerta@dercocenter.cl<\/a><a href=\"mailto:miguelleon@dercocenter.cl\"><br \/>\n<\/a>Cel: <a href=\"tel:+56 9 9221 1559\">+56 9 9221 1559<\/a><\/span><\/td>\n<\/tr>\n<\/tbody>\n<\/table>\n<p>&nbsp;<\/p>\n<table border=\"0\" width=\"100%\" cellspacing=\"0\" cellpadding=\"0\">\n<tbody>\n<tr>\n<td align=\"center\"><span style=\"height: 271px;\"><img decoding=\"async\" class=\"aligncenter\" src=\"https:\/\/sindicatodercocenter.cl\/sdc\/wp-content\/uploads\/2021\/06\/cmunoz.png\" alt=\"\" \/><\/span><\/td>\n<\/tr>\n<tr>\n<td style=\"text-align: center;\" align=\"center\"><span style=\"height: 271px;\"><strong>Cristi\u00e1n Mu\u00f1oz Mu\u00f1oz<br \/>\n<\/strong>Director<br \/>\nEmail: <a href=\"mailto:cristianmunozm@dercousados.cl\">cristianmunozm@dercousados.cl<br \/>\n<\/a>Cel: <a href=\"tel:+56 9 9549 0117\">+56 9 9549 0117<\/a><\/span><\/td>\n<\/tr>\n<\/tbody>\n<\/table>\n<p>&nbsp;<\/p>\n<table border=\"0\" width=\"100%\" cellspacing=\"0\" cellpadding=\"0\">\n<tbody>\n<tr>\n<td align=\"center\"><span style=\"height: 271px;\"><img decoding=\"async\" class=\"aligncenter\" src=\"https:\/\/sindicatodercocenter.cl\/sdc\/wp-content\/uploads\/2021\/06\/cguzman.png\" alt=\"\" \/><\/span><\/td>\n<\/tr>\n<tr>\n<td style=\"text-align: center;\" align=\"center\"><span style=\"height: 271px;\"><strong>Cristi\u00e1n Guzm\u00e1n Orellana<br \/>\n<\/strong>Director<br \/>\nEmail: <a href=\"mailto:cristianguzman@dercocenter.cl\">cristianguzman@dercocenter.cl<br \/>\n<\/a>Cel: <a href=\"tel:+56 9 7125 2852\">+56 9 7125 2852<\/a><\/span><\/td>\n<\/tr>\n<\/tbody>\n<\/table>\n","protected":false},"excerpt":{"rendered":"<p>Paulo Cesar Rojas Arellano Presidente Email: sindicatodercocenter@gmail.com Cel: +56 9 7589 3419 &nbsp; Jessica Cecilia Villarroel Meza Secretaria Email: jessicavillarroel@dercocenter.cl Cel: +56 9 9639 1872 &nbsp; Freddy Huerta Tesorer\u00eda Email:\u00a0freddyhuerta@dercocenter.cl Cel: +56 9 9221 1559 &nbsp; Cristi\u00e1n Mu\u00f1oz Mu\u00f1oz Director Email: cristianmunozm@dercousados.cl Cel: +56 9 9549 0117 &nbsp; Cristi\u00e1n Guzm\u00e1n Orellana Director Email: cristianguzman@dercocenter.cl Cel: &hellip;<\/p>\n","protected":false},"author":1,"featured_media":0,"parent":0,"menu_order":0,"comment_status":"closed","ping_status":"closed","template":"","meta":{"footnotes":""},"class_list":["post-28","page","type-page","status-publish",""],"publishpress_future_action":{"enabled":false,"date":"2026-04-27 15:51:54","action":"change-status","newStatus":"draft","terms":[],"taxonomy":""},"publishpress_future_workflow_manual_trigger":{"enabledWorkflows":[]},"_links":{"self":[{"href":"https:\/\/sindicatodercocenter.cl\/sdc\/wp-json\/wp\/v2\/pages\/28","targetHints":{"allow":["GET"]}}],"collection":[{"href":"https:\/\/sindicatodercocenter.cl\/sdc\/wp-json\/wp\/v2\/pages"}],"about":[{"href":"https:\/\/sindicatodercocenter.cl\/sdc\/wp-json\/wp\/v2\/types\/page"}],"author":[{"embeddable":true,"href":"https:\/\/sindicatodercocenter.cl\/sdc\/wp-json\/wp\/v2\/users\/1"}],"replies":[{"embeddable":true,"href":"https:\/\/sindicatodercocenter.cl\/sdc\/wp-json\/wp\/v2\/comments?post=28"}],"version-history":[{"count":24,"href":"https:\/\/sindicatodercocenter.cl\/sdc\/wp-json\/wp\/v2\/pages\/28\/revisions"}],"predecessor-version":[{"id":2048,"href":"https:\/\/sindicatodercocenter.cl\/sdc\/wp-json\/wp\/v2\/pages\/28\/revisions\/2048"}],"wp:attachment":[{"href":"https:\/\/sindicatodercocenter.cl\/sdc\/wp-json\/wp\/v2\/media?parent=28"}],"curies":[{"name":"wp","href":"https:\/\/api.w.org\/{rel}","templated":true}]}}