{"id":3777,"date":"2024-03-08T17:03:50","date_gmt":"2024-03-08T20:03:50","guid":{"rendered":"https:\/\/sindicatodercocenter.cl\/sdc\/?page_id=3777"},"modified":"2024-03-08T18:24:58","modified_gmt":"2024-03-08T21:24:58","slug":"convenio-cala","status":"publish","type":"page","link":"https:\/\/sindicatodercocenter.cl\/sdc\/convenio-cala\/","title":{"rendered":"Convenio: Cala"},"content":{"rendered":"<p><img loading=\"lazy\" decoding=\"async\" class=\"aligncenter size-full wp-image-3778\" src=\"https:\/\/sindicatodercocenter.cl\/sdc\/wp-content\/uploads\/2024\/03\/cala-banner.jpg\" alt=\"\" width=\"660\" height=\"330\" srcset=\"https:\/\/sindicatodercocenter.cl\/sdc\/wp-content\/uploads\/2024\/03\/cala-banner.jpg 660w, https:\/\/sindicatodercocenter.cl\/sdc\/wp-content\/uploads\/2024\/03\/cala-banner-300x150.jpg 300w\" sizes=\"auto, (max-width: 660px) 100vw, 660px\" \/><\/p>\n<p><strong>Cala<\/strong>\u00a0belleza y est\u00e9tica enfocada a entregar experiencia y momentos \u00fanicos a trav\u00e9s de sus servicios personalizados de Manicure, Pedicure y tratamientos faciales.<\/p>\n<p><b>\u00bfQue servicios ofrecemos?<\/b><\/p>\n<ul>\n<li>Todo tipo de Manicure<\/li>\n<li>Todo tipo de Pedicure<\/li>\n<li>Tratamientos de Parafinoterapia<\/li>\n<li>Tratamientos faciales Dermaplaning (exfoliaci\u00f3n de piel muerta)<\/li>\n<li>Tratamientos de hidrataci\u00f3n de rostro con color (BB Glow) y labios con color (BB Lips) a trav\u00e9s de la tecnolog\u00eda Dermapen<\/li>\n<li>Lifting y ondulaci\u00f3n de Pesta\u00f1as<\/li>\n<\/ul>\n<p><b>\u00bfD\u00f3nde nos encontramos ubicados?<\/b><\/p>\n<p>Av. Providencia 2237 Centro comercial dos providencia<br \/>\nPiso 4 Local P-67<br \/>\nProvidencia &#8211; Santiago<br \/>\nSalida Metro Los Leones<\/p>\n<p><span style=\"color: #ff0000;\"><strong>Convenio:<\/strong>\u00a0<b>Cala y Sindicato Dercocenter<\/b>, el cual otorga un\u00a0<b>20% de descuento<\/b>\u00a0en cualquiera de los servicios de belleza que nuestra empresa ofrece, para que todos sus socios y familiares puedan autoregalonearse con un cuidado personal.<\/span><\/p>\n<p><img loading=\"lazy\" decoding=\"async\" class=\"aligncenter size-full wp-image-3779\" src=\"https:\/\/sindicatodercocenter.cl\/sdc\/wp-content\/uploads\/2024\/03\/cala-convenio.jpg\" alt=\"\" width=\"660\" height=\"935\" srcset=\"https:\/\/sindicatodercocenter.cl\/sdc\/wp-content\/uploads\/2024\/03\/cala-convenio.jpg 660w, https:\/\/sindicatodercocenter.cl\/sdc\/wp-content\/uploads\/2024\/03\/cala-convenio-212x300.jpg 212w\" sizes=\"auto, (max-width: 660px) 100vw, 660px\" \/><\/p>\n","protected":false},"excerpt":{"rendered":"<p>Cala\u00a0belleza y est\u00e9tica enfocada a entregar experiencia y momentos \u00fanicos a trav\u00e9s de sus servicios personalizados de Manicure, Pedicure y tratamientos faciales. \u00bfQue servicios ofrecemos? Todo tipo de Manicure Todo tipo de Pedicure Tratamientos de Parafinoterapia Tratamientos faciales Dermaplaning (exfoliaci\u00f3n de piel muerta) Tratamientos de hidrataci\u00f3n de rostro con color (BB Glow) y labios con &hellip;<\/p>\n","protected":false},"author":1,"featured_media":3778,"parent":0,"menu_order":0,"comment_status":"closed","ping_status":"closed","template":"","meta":{"footnotes":""},"class_list":["post-3777","page","type-page","status-publish","has-post-thumbnail",""],"publishpress_future_action":{"enabled":false,"date":"2026-04-27 15:52:26","action":"change-status","newStatus":"draft","terms":[],"taxonomy":""},"publishpress_future_workflow_manual_trigger":{"enabledWorkflows":[]},"_links":{"self":[{"href":"https:\/\/sindicatodercocenter.cl\/sdc\/wp-json\/wp\/v2\/pages\/3777","targetHints":{"allow":["GET"]}}],"collection":[{"href":"https:\/\/sindicatodercocenter.cl\/sdc\/wp-json\/wp\/v2\/pages"}],"about":[{"href":"https:\/\/sindicatodercocenter.cl\/sdc\/wp-json\/wp\/v2\/types\/page"}],"author":[{"embeddable":true,"href":"https:\/\/sindicatodercocenter.cl\/sdc\/wp-json\/wp\/v2\/users\/1"}],"replies":[{"embeddable":true,"href":"https:\/\/sindicatodercocenter.cl\/sdc\/wp-json\/wp\/v2\/comments?post=3777"}],"version-history":[{"count":7,"href":"https:\/\/sindicatodercocenter.cl\/sdc\/wp-json\/wp\/v2\/pages\/3777\/revisions"}],"predecessor-version":[{"id":3801,"href":"https:\/\/sindicatodercocenter.cl\/sdc\/wp-json\/wp\/v2\/pages\/3777\/revisions\/3801"}],"wp:featuredmedia":[{"embeddable":true,"href":"https:\/\/sindicatodercocenter.cl\/sdc\/wp-json\/wp\/v2\/media\/3778"}],"wp:attachment":[{"href":"https:\/\/sindicatodercocenter.cl\/sdc\/wp-json\/wp\/v2\/media?parent=3777"}],"curies":[{"name":"wp","href":"https:\/\/api.w.org\/{rel}","templated":true}]}}