{"id":3784,"date":"2024-03-08T17:40:30","date_gmt":"2024-03-08T20:40:30","guid":{"rendered":"https:\/\/sindicatodercocenter.cl\/sdc\/?page_id=3784"},"modified":"2024-03-08T17:47:57","modified_gmt":"2024-03-08T20:47:57","slug":"convenio-princess-place","status":"publish","type":"page","link":"https:\/\/sindicatodercocenter.cl\/sdc\/convenio-princess-place\/","title":{"rendered":"Convenio: Princess Place"},"content":{"rendered":"<p><img loading=\"lazy\" decoding=\"async\" class=\"aligncenter size-full wp-image-3786\" src=\"https:\/\/sindicatodercocenter.cl\/sdc\/wp-content\/uploads\/2024\/03\/pp-banner.jpg\" alt=\"\" width=\"660\" height=\"330\" srcset=\"https:\/\/sindicatodercocenter.cl\/sdc\/wp-content\/uploads\/2024\/03\/pp-banner.jpg 660w, https:\/\/sindicatodercocenter.cl\/sdc\/wp-content\/uploads\/2024\/03\/pp-banner-300x150.jpg 300w\" sizes=\"auto, (max-width: 660px) 100vw, 660px\" \/><br \/>\n<strong>Princess Place<\/strong> es una empresa de belleza y est\u00e9tica con mas de 5 a\u00f1os, enfocada a entregar experiencia, asesor\u00eda, momentos \u00fanicos y cuidado personal a trav\u00e9s de sus servicios personalizados de Depilaci\u00f3n L\u00e1ser, tratamientos de masaje reductivos y post operativo, Procedimientos cl\u00ednicos de armonizaci\u00f3n facial (Botox, \u00c1cido Hialuronico, Hilos tensores).<\/p>\n<p>Todos nuestros tratamientos y maquinaria se encuentra regulada por la SEREMI de Salud a trav\u00e9s de resoluci\u00f3n de operaci\u00f3n mas Patente municipal de la actividad. Adem\u00e1s para brindar seguridad y confianza en nuestros tratamientos contamos con personal calificado y experto como nos exige las autoridades (Kinesiologos y Medico Cirujano Est\u00e9tico).<\/p>\n<p><b>\u00bfQue servicios ofrecemos?<\/b><\/p>\n<ul>\n<li>Manicure y Pedicure<\/li>\n<li>Tratamientos de Depilaci\u00f3n L\u00e1ser con tecnolog\u00eda trilaser (Diodo, Alexandria y ND yag)<\/li>\n<li>Tratamientos de Maderoterapia<\/li>\n<li>Masajes de relajaci\u00f3n y descontracturantes<\/li>\n<li>Tratamientos reductivos con cavitaci\u00f3n y radiofrecuencia<\/li>\n<li>Tratamientos de tonificaci\u00f3n (Sculpt)<\/li>\n<li>Tratamiento de eliminaci\u00f3n de grasa localizada (Criopolisis)<\/li>\n<li>Procedimientos de armonizaci\u00f3n facial (Botox, \u00c1cido Hialuronico, Hilos tensores)<\/li>\n<\/ul>\n<p><strong>\u00bfD\u00f3nde nos encontramos ubicados?<\/strong><\/p>\n<p>Luis Thayer Ojeda 0180<br \/>\nPiso 10 Oficina 1009 y\u00a0Piso 12 Oficina 1209<br \/>\nProvidencia &#8211; Santiago<br \/>\nFrente Costanera Center<\/p>\n<p><img loading=\"lazy\" decoding=\"async\" class=\"aligncenter size-full wp-image-3788\" src=\"https:\/\/sindicatodercocenter.cl\/sdc\/wp-content\/uploads\/2024\/03\/promo1bb.jpg\" alt=\"\" width=\"660\" height=\"1173\" srcset=\"https:\/\/sindicatodercocenter.cl\/sdc\/wp-content\/uploads\/2024\/03\/promo1bb.jpg 660w, https:\/\/sindicatodercocenter.cl\/sdc\/wp-content\/uploads\/2024\/03\/promo1bb-169x300.jpg 169w, https:\/\/sindicatodercocenter.cl\/sdc\/wp-content\/uploads\/2024\/03\/promo1bb-576x1024.jpg 576w\" sizes=\"auto, (max-width: 660px) 100vw, 660px\" \/><\/p>\n<p><img loading=\"lazy\" decoding=\"async\" class=\"aligncenter size-full wp-image-3789\" src=\"https:\/\/sindicatodercocenter.cl\/sdc\/wp-content\/uploads\/2024\/03\/promo1.jpg\" alt=\"\" width=\"660\" height=\"1173\" srcset=\"https:\/\/sindicatodercocenter.cl\/sdc\/wp-content\/uploads\/2024\/03\/promo1.jpg 660w, https:\/\/sindicatodercocenter.cl\/sdc\/wp-content\/uploads\/2024\/03\/promo1-169x300.jpg 169w, https:\/\/sindicatodercocenter.cl\/sdc\/wp-content\/uploads\/2024\/03\/promo1-576x1024.jpg 576w\" sizes=\"auto, (max-width: 660px) 100vw, 660px\" \/><\/p>\n","protected":false},"excerpt":{"rendered":"<p>Princess Place es una empresa de belleza y est\u00e9tica con mas de 5 a\u00f1os, enfocada a entregar experiencia, asesor\u00eda, momentos \u00fanicos y cuidado personal a trav\u00e9s de sus servicios personalizados de Depilaci\u00f3n L\u00e1ser, tratamientos de masaje reductivos y post operativo, Procedimientos cl\u00ednicos de armonizaci\u00f3n facial (Botox, \u00c1cido Hialuronico, Hilos tensores). Todos nuestros tratamientos y maquinaria &hellip;<\/p>\n","protected":false},"author":1,"featured_media":3786,"parent":0,"menu_order":0,"comment_status":"closed","ping_status":"closed","template":"","meta":{"footnotes":""},"class_list":["post-3784","page","type-page","status-publish","has-post-thumbnail",""],"publishpress_future_action":{"enabled":false,"date":"2026-04-27 15:52:26","action":"change-status","newStatus":"draft","terms":[],"taxonomy":""},"publishpress_future_workflow_manual_trigger":{"enabledWorkflows":[]},"_links":{"self":[{"href":"https:\/\/sindicatodercocenter.cl\/sdc\/wp-json\/wp\/v2\/pages\/3784","targetHints":{"allow":["GET"]}}],"collection":[{"href":"https:\/\/sindicatodercocenter.cl\/sdc\/wp-json\/wp\/v2\/pages"}],"about":[{"href":"https:\/\/sindicatodercocenter.cl\/sdc\/wp-json\/wp\/v2\/types\/page"}],"author":[{"embeddable":true,"href":"https:\/\/sindicatodercocenter.cl\/sdc\/wp-json\/wp\/v2\/users\/1"}],"replies":[{"embeddable":true,"href":"https:\/\/sindicatodercocenter.cl\/sdc\/wp-json\/wp\/v2\/comments?post=3784"}],"version-history":[{"count":6,"href":"https:\/\/sindicatodercocenter.cl\/sdc\/wp-json\/wp\/v2\/pages\/3784\/revisions"}],"predecessor-version":[{"id":3795,"href":"https:\/\/sindicatodercocenter.cl\/sdc\/wp-json\/wp\/v2\/pages\/3784\/revisions\/3795"}],"wp:featuredmedia":[{"embeddable":true,"href":"https:\/\/sindicatodercocenter.cl\/sdc\/wp-json\/wp\/v2\/media\/3786"}],"wp:attachment":[{"href":"https:\/\/sindicatodercocenter.cl\/sdc\/wp-json\/wp\/v2\/media?parent=3784"}],"curies":[{"name":"wp","href":"https:\/\/api.w.org\/{rel}","templated":true}]}}