{"id":38,"date":"2018-01-02T23:10:02","date_gmt":"2018-01-03T02:10:02","guid":{"rendered":"http:\/\/jlgcomunicaciones.cl\/dercocenter\/?page_id=38"},"modified":"2018-02-22T00:59:29","modified_gmt":"2018-02-22T03:59:29","slug":"preguntas-frecuentes","status":"publish","type":"page","link":"https:\/\/sindicatodercocenter.cl\/sdc\/preguntas-frecuentes\/","title":{"rendered":"Preguntas Frecuentes"},"content":{"rendered":"<p><img loading=\"lazy\" decoding=\"async\" class=\"aligncenter size-full wp-image-445\" src=\"http:\/\/sindicatodercocenter.cl\/web\/wp-content\/uploads\/2018\/02\/pregunta-frecuentes.jpg\" alt=\"\" width=\"1018\" height=\"460\" srcset=\"https:\/\/sindicatodercocenter.cl\/sdc\/wp-content\/uploads\/2018\/02\/pregunta-frecuentes.jpg 1018w, https:\/\/sindicatodercocenter.cl\/sdc\/wp-content\/uploads\/2018\/02\/pregunta-frecuentes-300x136.jpg 300w, https:\/\/sindicatodercocenter.cl\/sdc\/wp-content\/uploads\/2018\/02\/pregunta-frecuentes-768x347.jpg 768w\" sizes=\"auto, (max-width: 1018px) 100vw, 1018px\" \/><\/p>\n<p><strong>\u00bfC\u00f3mo me puedo incorporar al sindicato?<\/strong><\/p>\n<p style=\"padding-left: 60px;\"><strong>R.<\/strong> Completando el formulario adjunto y haci\u00e9ndolo llegar al correo sinndicatodercocenter@gmail.com<\/p>\n<ul>\n<li><strong>\u00bfCu\u00e1nto es el valor de la cuota sindical?<\/strong><\/li>\n<\/ul>\n<p style=\"padding-left: 60px;\"><strong>R.<\/strong> La cuota es de $10.000 por mes, pudiendo ser ajustada en una asamblea<\/p>\n<ul>\n<li><strong>\u00bfQu\u00e9 pasa si no asisto a una asamblea?<\/strong><\/li>\n<\/ul>\n<p style=\"padding-left: 60px;\"><strong>R.<\/strong> Por estatutos y acuerdo de la asamblea se le cobrara una multa igual a la cuota sindical.<\/p>\n<ul>\n<li><strong>\u00bfC\u00f3mo es la desafiliaci\u00f3n al sindicato?<\/strong><\/li>\n<\/ul>\n<p style=\"padding-left: 60px;\"><strong>R.<\/strong> Debe llenar carta adjunta de renuncia y hacer llegar al correo sindicatodercocenter@gmail.com<\/p>\n<ul>\n<li><strong>\u00bfCu\u00e1nto tiempo debo llevar en el sindicato para tener beneficios?<\/strong><\/li>\n<\/ul>\n<p style=\"padding-left: 60px;\"><strong>R.<\/strong> Para recibir beneficios (regalos) de parte del sindicato, debes tener 6 meses de antig\u00fcedad a octubre mes calendario<\/p>\n<ul>\n<li><strong>\u00bfExiste alg\u00fan beneficio de pr\u00e9stamo especial de parte del sindicato?<\/strong><\/li>\n<\/ul>\n<p style=\"padding-left: 60px;\"><strong>R.<\/strong> Efectivamente, debes tener un a\u00f1o de antig\u00fcedad en el sindicato y es para caso especiales. Adem\u00e1s, previa evaluaci\u00f3n de la empresa para ver que cumpla el descuento legal.<\/p>\n<ul>\n<li><strong>\u00bfEste sindicato pertenece a otra organizaci\u00f3n?<\/strong><\/li>\n<\/ul>\n<p style=\"padding-left: 60px;\"><strong>R.<\/strong> Este sindicato pertenece a la <strong>Federaci\u00f3n de Sindicatos Derco<\/strong>, donde lo componen 5 sindicatos de las empresas Derco.<\/p>\n","protected":false},"excerpt":{"rendered":"<p>\u00bfC\u00f3mo me puedo incorporar al sindicato? R. Completando el formulario adjunto y haci\u00e9ndolo llegar al correo sinndicatodercocenter@gmail.com \u00bfCu\u00e1nto es el valor de la cuota sindical? R. La cuota es de $10.000 por mes, pudiendo ser ajustada en una asamblea \u00bfQu\u00e9 pasa si no asisto a una asamblea? R. Por estatutos y acuerdo de la asamblea &hellip;<\/p>\n","protected":false},"author":1,"featured_media":445,"parent":0,"menu_order":0,"comment_status":"closed","ping_status":"closed","template":"","meta":{"footnotes":""},"class_list":["post-38","page","type-page","status-publish","has-post-thumbnail",""],"publishpress_future_action":{"enabled":false,"date":"2026-04-27 12:26:08","action":"change-status","newStatus":"draft","terms":[],"taxonomy":""},"publishpress_future_workflow_manual_trigger":{"enabledWorkflows":[]},"_links":{"self":[{"href":"https:\/\/sindicatodercocenter.cl\/sdc\/wp-json\/wp\/v2\/pages\/38","targetHints":{"allow":["GET"]}}],"collection":[{"href":"https:\/\/sindicatodercocenter.cl\/sdc\/wp-json\/wp\/v2\/pages"}],"about":[{"href":"https:\/\/sindicatodercocenter.cl\/sdc\/wp-json\/wp\/v2\/types\/page"}],"author":[{"embeddable":true,"href":"https:\/\/sindicatodercocenter.cl\/sdc\/wp-json\/wp\/v2\/users\/1"}],"replies":[{"embeddable":true,"href":"https:\/\/sindicatodercocenter.cl\/sdc\/wp-json\/wp\/v2\/comments?post=38"}],"version-history":[{"count":8,"href":"https:\/\/sindicatodercocenter.cl\/sdc\/wp-json\/wp\/v2\/pages\/38\/revisions"}],"predecessor-version":[{"id":450,"href":"https:\/\/sindicatodercocenter.cl\/sdc\/wp-json\/wp\/v2\/pages\/38\/revisions\/450"}],"wp:featuredmedia":[{"embeddable":true,"href":"https:\/\/sindicatodercocenter.cl\/sdc\/wp-json\/wp\/v2\/media\/445"}],"wp:attachment":[{"href":"https:\/\/sindicatodercocenter.cl\/sdc\/wp-json\/wp\/v2\/media?parent=38"}],"curies":[{"name":"wp","href":"https:\/\/api.w.org\/{rel}","templated":true}]}}