{"id":4199,"date":"2025-04-23T08:25:29","date_gmt":"2025-04-23T12:25:29","guid":{"rendered":"https:\/\/sindicatodercocenter.cl\/sdc\/?page_id=4199"},"modified":"2025-04-23T08:25:29","modified_gmt":"2025-04-23T12:25:29","slug":"2025-directiva","status":"publish","type":"page","link":"https:\/\/sindicatodercocenter.cl\/sdc\/2025-directiva\/","title":{"rendered":"Directiva"},"content":{"rendered":"<table border=\"0\" width=\"100%\" cellspacing=\"0\" cellpadding=\"0\">\n<tbody>\n<tr>\n<td align=\"center\"><span style=\"height: 271px;\"><img decoding=\"async\" class=\"aligncenter\" src=\"https:\/\/sindicatodercocenter.cl\/sdc\/wp-content\/uploads\/2021\/06\/cmunoz.png\" alt=\"\" \/><\/span><\/td>\n<\/tr>\n<tr>\n<td style=\"text-align: center;\" align=\"center\"><span style=\"height: 271px;\"><strong>Cristi\u00e1n Mu\u00f1oz Mu\u00f1oz<br \/>\n<\/strong>Presidente<br \/>\nEmail: <a href=\"mailto:cristianmunozm@dercousados.cl\">cristianmunozm@dercousados.cl<br \/>\n<\/a>Cel: <a href=\"tel:+56 9 9549 0117\">+56 9 9549 0117<\/a><\/span><\/td>\n<\/tr>\n<\/tbody>\n<\/table>\n<table border=\"0\" width=\"100%\" cellspacing=\"0\" cellpadding=\"0\">\n<tbody>\n<tr>\n<td align=\"center\"><span style=\"height: 271px;\"><img decoding=\"async\" class=\"aligncenter\" src=\"http:\/\/sindicatodercocenter.cl\/web\/wp-content\/uploads\/2018\/01\/Jessica.png\" alt=\"\" \/><\/span><\/td>\n<\/tr>\n<tr>\n<td style=\"text-align: center;\" align=\"center\"><span style=\"height: 271px;\"><strong>Jessica Cecilia Villarroel Meza<br \/>\n<\/strong>Secretaria<br \/>\nEmail: <a href=\"mailto:jessicavillarroel@dercocenter.cl\">jessicavillarroel@dercocenter.cl<br \/>\n<\/a>Cel: <a href=\"tel:+56 9 9639 1872\">+56 9 9639 1872<\/a><\/span><\/td>\n<\/tr>\n<\/tbody>\n<\/table>\n<table border=\"0\" width=\"100%\" cellspacing=\"0\" cellpadding=\"0\">\n<tbody>\n<tr>\n<td align=\"center\"><span style=\"height: 271px;\"><img decoding=\"async\" class=\"aligncenter\" src=\"https:\/\/sindicatodercocenter.cl\/sdc\/wp-content\/uploads\/2021\/06\/cguzman.png\" alt=\"\" \/><\/span><\/td>\n<\/tr>\n<tr>\n<td style=\"text-align: center;\" align=\"center\"><span style=\"height: 271px;\"><strong>Cristi\u00e1n Guzm\u00e1n Orellana<br \/>\n<\/strong>Tesorero<br \/>\nEmail: <a href=\"mailto:cristianguzman@dercocenter.cl\">cristianguzman@dercocenter.cl<br \/>\n<\/a>Cel: <a href=\"tel:+56 9 7125 2852\">+56 9 7125 2852<\/a><\/span><\/td>\n<\/tr>\n<\/tbody>\n<\/table>\n","protected":false},"excerpt":{"rendered":"<p>Cristi\u00e1n Mu\u00f1oz Mu\u00f1oz Presidente Email: cristianmunozm@dercousados.cl Cel: +56 9 9549 0117 Jessica Cecilia Villarroel Meza Secretaria Email: jessicavillarroel@dercocenter.cl Cel: +56 9 9639 1872 Cristi\u00e1n Guzm\u00e1n Orellana Tesorero Email: cristianguzman@dercocenter.cl Cel: +56 9 7125 2852<\/p>\n","protected":false},"author":1,"featured_media":0,"parent":0,"menu_order":0,"comment_status":"closed","ping_status":"closed","template":"","meta":{"footnotes":""},"class_list":["post-4199","page","type-page","status-publish",""],"publishpress_future_action":{"enabled":false,"date":"2026-04-27 12:26:12","action":"change-status","newStatus":"draft","terms":[],"taxonomy":""},"publishpress_future_workflow_manual_trigger":{"enabledWorkflows":[]},"_links":{"self":[{"href":"https:\/\/sindicatodercocenter.cl\/sdc\/wp-json\/wp\/v2\/pages\/4199","targetHints":{"allow":["GET"]}}],"collection":[{"href":"https:\/\/sindicatodercocenter.cl\/sdc\/wp-json\/wp\/v2\/pages"}],"about":[{"href":"https:\/\/sindicatodercocenter.cl\/sdc\/wp-json\/wp\/v2\/types\/page"}],"author":[{"embeddable":true,"href":"https:\/\/sindicatodercocenter.cl\/sdc\/wp-json\/wp\/v2\/users\/1"}],"replies":[{"embeddable":true,"href":"https:\/\/sindicatodercocenter.cl\/sdc\/wp-json\/wp\/v2\/comments?post=4199"}],"version-history":[{"count":1,"href":"https:\/\/sindicatodercocenter.cl\/sdc\/wp-json\/wp\/v2\/pages\/4199\/revisions"}],"predecessor-version":[{"id":4200,"href":"https:\/\/sindicatodercocenter.cl\/sdc\/wp-json\/wp\/v2\/pages\/4199\/revisions\/4200"}],"wp:attachment":[{"href":"https:\/\/sindicatodercocenter.cl\/sdc\/wp-json\/wp\/v2\/media?parent=4199"}],"curies":[{"name":"wp","href":"https:\/\/api.w.org\/{rel}","templated":true}]}}